{"id":416,"date":"2016-09-13T18:05:03","date_gmt":"2016-09-13T16:05:03","guid":{"rendered":"http:\/\/hahne-holding.de\/?page_id=416"},"modified":"2020-02-27T17:15:10","modified_gmt":"2020-02-27T16:15:10","slug":"impressum","status":"publish","type":"page","link":"https:\/\/www.move2.care\/en\/impressum\/","title":{"rendered":"Imprints"},"content":{"rendered":"<div class=\"banner has-hover bg-zoom has-parallax\" id=\"banner-135041261\">\n          <div class=\"banner-inner fill\">\n        <div class=\"banner-bg fill\" data-parallax=\"-1\" data-parallax-container=\".banner\" data-parallax-background>\n                                                \n                    <\/div>\n\t\t\n        <div class=\"banner-layers container\">\n            <div class=\"fill banner-link\"><\/div>            \n\n   <div id=\"text-box-670281133\" class=\"text-box banner-layer x50 md-x50 lg-x50 y50 md-y100 lg-y85 res-text\">\n                     <div data-animate=\"none\">           <div class=\"text-box-content text dark\">\n              \n              <div class=\"text-inner text-center\">\n                  \n\n<h1 style=\"font-size: 300%;\">Imprints<\/h1>\n<h5 style=\"font-size: 120%; font-weight: 400;\">\u00a0<\/h5>\n\n              <\/div>\n           <\/div>\n       <\/div>                     \n<style>\n#text-box-670281133 {\n  width: 80%;\n}\n#text-box-670281133 .text-box-content {\n  font-size: 100%;\n}\n@media (min-width:550px) {\n  #text-box-670281133 {\n    width: 41%;\n  }\n}\n<\/style>\n    <\/div>\n \n\n        <\/div>\n      <\/div>\n\n            \n<style>\n#banner-135041261 {\n  padding-top: 650px;\n}\n#banner-135041261 .overlay {\n  background-color: rgba(0, 0, 0, 0.3);\n}\n#banner-135041261 .banner-bg img {\n  object-position: 66% 16%;\n}\n<\/style>\n  <\/div>\n\n\n\n\t<section class=\"section\" id=\"section_252361587\">\n\t\t<div class=\"section-bg fill\" >\n\t\t\t\t\t\t\t\t\t\n\t\t\t\n\t<div class=\"is-border\"\n\t\tstyle=\"border-color:rgb(234, 170, 0);border-width:3px 0px 0px 0px;\">\n\t<\/div>\n\n\t\t<\/div>\n\n\t\t\n\n\t\t<div class=\"section-content relative\">\n\t\t\t\n\n<div class=\"row align-center\"  id=\"row-172803908\">\n\n\n\t<div id=\"col-816091618\" class=\"col medium-7 small-12 large-7\"  >\n\t\t\t\t<div class=\"col-inner text-center\"  >\n\t\t\t\n\t\t\t\n\n\t<div id=\"gap-1035561839\" class=\"gap-element clearfix\" style=\"display:block; height:auto;\">\n\t\t\n<style>\n#gap-1035561839 {\n  padding-top: 50px;\n}\n<\/style>\n\t<\/div>\n\t\n\n<p style=\"margin: 0px;\">Hahne Holding GmbH<br \/>Leistlinger Stra\u00dfe 10<br \/>30826 Garbsen<\/p>\n<p>AG Hannover HRB 111354<\/p>\n<p>Gesch\u00e4ftsf\u00fchrer:<br \/>Carl Hahne, Christina Hahne-Erz, Ruth Hahne<\/p>\n<p><strong>Register court: Amtsgericht Hannover<br \/>Dachverband: Bundesverband privateer Anbieter sozialer Dienste eV www.bpa.de<\/strong><\/p>\n<p><a href=\"http:\/\/www.hdr.de\/oeffentliches-verfahrensverzeichnis-gemaess-4-e-bundesdatenschutzgesetz\/\"><strong>\u00d6ffentliches Verfahrensverzeichnis gem\u00e4\u00df \u00a7 4 e Bundesdatenschutzgesetz<\/strong><\/a><\/p>\n<p>Haftungsausschluss:<\/p>\n<p><strong>Haftung f\u00fcr Inhalte<\/strong><\/p>\n<p>Die Inhalte unserer Seiten wurden mit gro\u00dfster Sorgfalt erst\u00e4lt. For the correctness, completeness and actuality of the content, we do not make any guarantees. As Dienstanbieter we are responsible according to \u00a7 7 Abs.1 TMG for our own contents on these pages according to the general laws. Nach \u00a7\u00a7 8 bis 10 TMG sind wir als Dienstanbieter jedoch nicht verschlie\u00dft, transmitteilte oder geschiftente fremde Informationen zu \u00fcberwachen oder nach umtenenden zu forschen, die auf eine rechtswidrige T\u00e4tigkeit hintwesen. Obligations zur Entfernung oder Sperrung der Nutzung von Informationen nach den allgemeinen Gesetzzen bleiben hiervon unber\u00fchrt. Eine diesbez\u00fcgliche Haftung ist jedoch erst ab dem Seiktum der Kenntnis einer concreten Rechtsverletzung m\u00f6glich. Bei Bekanntwerden von corresponding Rechtsverletzungen werden wir diese Inhalte umgehend entfernen.<\/p>\n<p>Quelle:\u00a0<em>eRecht24, Rechtsanwalt f\u00fcr Internetrecht S\u00f6ren Siebert<\/em><\/p>\n<p><strong>Liability for Links<\/strong><\/p>\n<p>Unser Angebot enth\u00e4lt Links zu externale Websiten Dritter, auf deren Inhalte wir keinen Einfluss haben. Therefore, we do not accept any guarantees for these foreign contents. For the contents of the linked pages, the respective provider or operator of the pages is always responsible. The linked pages were checked at the time of linking for possible legal violations. Rechtswidrige Inhalte waren zum Zeitung der Verlinkung nicht erkennbaren. Eine permanente inhaltliche Kontrolle der verlinkten Seiten ist jedoch ohne concrete Anhaltspunkte einer Rechtsverletzung nicht zumutbar. Bei Bekanntwerden von Rechtsverletzungen werden wir taschereite Links umgehend entfernen.<\/p>\n<p>Quelle:\u00a0<em>eRecht24, Rechtsanwalt f\u00fcr Internetrecht S\u00f6ren Siebert<\/em><\/p>\n<p><strong>Copyright<\/strong><br \/><a name=\"datenschutz\"><\/a><br \/>Die durch die Seitenbetreiber erstellten Inhalte und Werke auf diesen Seiten unterliegen dem deutschen Copyright. Die Vervief\u00e4ltigung, Bearbeitung, Verbreitung und jede Art der Verwertung ausser der Grenzen des Urheberrechts bed\u00fcrfen der schriftlichen Zustimmung des gesch\u00e4ften Autors bzw. Erstellers. Downloads und Kopien dieser Seite sind nur f\u00fcr den privateen, nicht commercialen Gebrauch gestatet. Soweit die Inhalte auf dieser Seite nicht vom Betreiber erstellt wurden, werden die Urheberrechte Dritter respecttet. In particular, werden Inhalte Dritter als solche genotten. Sollten Sie trodden auf eine Urheberrechtsverletzung auferkenz werden werden, bitten wir um einen approhensive Hinweis. Bei Bekanntwerden von Rechtsverletzungen werden wir tahrkeite Contenthe umgehend entfernen.<\/p>\n<p>Quelle:\u00a0<em>eRecht24, Rechtsanwalt f\u00fcr Internetrecht S\u00f6ren Siebert<\/em><\/p>\n\t<div id=\"gap-1603909706\" class=\"gap-element clearfix\" style=\"display:block; height:auto;\">\n\t\t\n<style>\n#gap-1603909706 {\n  padding-top: 80px;\n}\n<\/style>\n\t<\/div>\n\t\n\n\n\t\t<\/div>\n\t\t\t\t\t<\/div>\n\n\t\n\n<\/div>\n\n\t\t<\/div>\n\n\t\t\n<style>\n#section_252361587 {\n  padding-top: 0px;\n  padding-bottom: 0px;\n}\n<\/style>\n\t<\/section>","protected":false},"excerpt":{"rendered":"","protected":false},"author":24,"featured_media":0,"parent":0,"menu_order":0,"comment_status":"closed","ping_status":"closed","template":"page-transparent-header-light.php","meta":{"footnotes":""},"class_list":["post-416","page","type-page","status-publish","hentry"],"yoast_head":"<!-- This site is optimized with the Yoast SEO plugin v27.3 - https:\/\/yoast.com\/product\/yoast-seo-wordpress\/ -->\n<title>Impressum - move2care<\/title>\n<meta name=\"robots\" content=\"index, follow, max-snippet:-1, max-image-preview:large, max-video-preview:-1\" \/>\n<link rel=\"canonical\" href=\"https:\/\/www.move2.care\/en\/impressum\/\" \/>\n<meta property=\"og:locale\" content=\"en_US\" \/>\n<meta property=\"og:type\" content=\"article\" \/>\n<meta property=\"og:title\" content=\"Impressum - move2care\" \/>\n<meta property=\"og:url\" content=\"https:\/\/www.move2.care\/en\/impressum\/\" \/>\n<meta property=\"og:site_name\" content=\"move2care\" \/>\n<meta property=\"article:publisher\" content=\"https:\/\/www.facebook.com\/hahneholding\" \/>\n<meta property=\"article:modified_time\" content=\"2020-02-27T16:15:10+00:00\" \/>\n<meta name=\"twitter:card\" content=\"summary_large_image\" \/>\n<meta name=\"twitter:label1\" content=\"Est. reading time\" \/>\n\t<meta name=\"twitter:data1\" content=\"2 minutes\" \/>\n<script type=\"application\/ld+json\" class=\"yoast-schema-graph\">{\"@context\":\"https:\\\/\\\/schema.org\",\"@graph\":[{\"@type\":\"WebPage\",\"@id\":\"https:\\\/\\\/www.move2.care\\\/impressum\\\/\",\"url\":\"https:\\\/\\\/www.move2.care\\\/impressum\\\/\",\"name\":\"Impressum - move2care\",\"isPartOf\":{\"@id\":\"https:\\\/\\\/www.move2.care\\\/#website\"},\"datePublished\":\"2016-09-13T16:05:03+00:00\",\"dateModified\":\"2020-02-27T16:15:10+00:00\",\"breadcrumb\":{\"@id\":\"https:\\\/\\\/www.move2.care\\\/impressum\\\/#breadcrumb\"},\"inLanguage\":\"en-US\",\"potentialAction\":[{\"@type\":\"ReadAction\",\"target\":[\"https:\\\/\\\/www.move2.care\\\/impressum\\\/\"]}]},{\"@type\":\"BreadcrumbList\",\"@id\":\"https:\\\/\\\/www.move2.care\\\/impressum\\\/#breadcrumb\",\"itemListElement\":[{\"@type\":\"ListItem\",\"position\":1,\"name\":\"Startseite\",\"item\":\"https:\\\/\\\/www.move2.care\\\/\"},{\"@type\":\"ListItem\",\"position\":2,\"name\":\"Impressum\"}]},{\"@type\":\"WebSite\",\"@id\":\"https:\\\/\\\/www.move2.care\\\/#website\",\"url\":\"https:\\\/\\\/www.move2.care\\\/\",\"name\":\"move2care\",\"description\":\"Grij\u0103 pentru seniori \u00een Germania.\",\"publisher\":{\"@id\":\"https:\\\/\\\/www.move2.care\\\/#organization\"},\"potentialAction\":[{\"@type\":\"SearchAction\",\"target\":{\"@type\":\"EntryPoint\",\"urlTemplate\":\"https:\\\/\\\/www.move2.care\\\/?s={search_term_string}\"},\"query-input\":{\"@type\":\"PropertyValueSpecification\",\"valueRequired\":true,\"valueName\":\"search_term_string\"}}],\"inLanguage\":\"en-US\"},{\"@type\":\"Organization\",\"@id\":\"https:\\\/\\\/www.move2.care\\\/#organization\",\"name\":\"Hahne Holding GmbH\",\"url\":\"https:\\\/\\\/www.move2.care\\\/\",\"logo\":{\"@type\":\"ImageObject\",\"inLanguage\":\"en-US\",\"@id\":\"https:\\\/\\\/www.move2.care\\\/#\\\/schema\\\/logo\\\/image\\\/\",\"url\":\"https:\\\/\\\/www.move2.care\\\/wp-content\\\/uploads\\\/2016\\\/09\\\/HH-Logo_RGB_FC_Reg_Landscape-Web-01.png\",\"contentUrl\":\"https:\\\/\\\/www.move2.care\\\/wp-content\\\/uploads\\\/2016\\\/09\\\/HH-Logo_RGB_FC_Reg_Landscape-Web-01.png\",\"width\":\"294\",\"height\":\"120\",\"caption\":\"Hahne Holding GmbH\"},\"image\":{\"@id\":\"https:\\\/\\\/www.move2.care\\\/#\\\/schema\\\/logo\\\/image\\\/\"},\"sameAs\":[\"https:\\\/\\\/www.facebook.com\\\/hahneholding\",\"https:\\\/\\\/www.instagram.com\\\/hahneholdingjobs\"]}]}<\/script>\n<!-- \/ Yoast SEO plugin. -->","yoast_head_json":{"title":"Imprint - move2care","robots":{"index":"index","follow":"follow","max-snippet":"max-snippet:-1","max-image-preview":"max-image-preview:large","max-video-preview":"max-video-preview:-1"},"canonical":"https:\/\/www.move2.care\/en\/impressum\/","og_locale":"en_US","og_type":"article","og_title":"Impressum - move2care","og_url":"https:\/\/www.move2.care\/en\/impressum\/","og_site_name":"move2care","article_publisher":"https:\/\/www.facebook.com\/hahneholding","article_modified_time":"2020-02-27T16:15:10+00:00","twitter_card":"summary_large_image","twitter_misc":{"Est. reading time":"2 minutes"},"schema":{"@context":"https:\/\/schema.org","@graph":[{"@type":"WebPage","@id":"https:\/\/www.move2.care\/impressum\/","url":"https:\/\/www.move2.care\/impressum\/","name":"Imprint - move2care","isPartOf":{"@id":"https:\/\/www.move2.care\/#website"},"datePublished":"2016-09-13T16:05:03+00:00","dateModified":"2020-02-27T16:15:10+00:00","breadcrumb":{"@id":"https:\/\/www.move2.care\/impressum\/#breadcrumb"},"inLanguage":"en-US","potentialAction":[{"@type":"ReadAction","target":["https:\/\/www.move2.care\/impressum\/"]}]},{"@type":"BreadcrumbList","@id":"https:\/\/www.move2.care\/impressum\/#breadcrumb","itemListElement":[{"@type":"ListItem","position":1,"name":"Startseite","item":"https:\/\/www.move2.care\/"},{"@type":"ListItem","position":2,"name":"Impressum"}]},{"@type":"WebSite","@id":"https:\/\/www.move2.care\/#website","url":"https:\/\/www.move2.care\/","name":"move2care","description":"geriatric care in germany","publisher":{"@id":"https:\/\/www.move2.care\/#organization"},"potentialAction":[{"@type":"SearchAction","target":{"@type":"EntryPoint","urlTemplate":"https:\/\/www.move2.care\/?s={search_term_string}"},"query-input":{"@type":"PropertyValueSpecification","valueRequired":true,"valueName":"search_term_string"}}],"inLanguage":"en-US"},{"@type":"Organization","@id":"https:\/\/www.move2.care\/#organization","name":"Hahne Holding GmbH","url":"https:\/\/www.move2.care\/","logo":{"@type":"ImageObject","inLanguage":"en-US","@id":"https:\/\/www.move2.care\/#\/schema\/logo\/image\/","url":"https:\/\/www.move2.care\/wp-content\/uploads\/2016\/09\/HH-Logo_RGB_FC_Reg_Landscape-Web-01.png","contentUrl":"https:\/\/www.move2.care\/wp-content\/uploads\/2016\/09\/HH-Logo_RGB_FC_Reg_Landscape-Web-01.png","width":"294","height":"120","caption":"Hahne Holding GmbH"},"image":{"@id":"https:\/\/www.move2.care\/#\/schema\/logo\/image\/"},"sameAs":["https:\/\/www.facebook.com\/hahneholding","https:\/\/www.instagram.com\/hahneholdingjobs"]}]}},"_links":{"self":[{"href":"https:\/\/www.move2.care\/en\/wp-json\/wp\/v2\/pages\/416","targetHints":{"allow":["GET"]}}],"collection":[{"href":"https:\/\/www.move2.care\/en\/wp-json\/wp\/v2\/pages"}],"about":[{"href":"https:\/\/www.move2.care\/en\/wp-json\/wp\/v2\/types\/page"}],"author":[{"embeddable":true,"href":"https:\/\/www.move2.care\/en\/wp-json\/wp\/v2\/users\/24"}],"replies":[{"embeddable":true,"href":"https:\/\/www.move2.care\/en\/wp-json\/wp\/v2\/comments?post=416"}],"version-history":[{"count":0,"href":"https:\/\/www.move2.care\/en\/wp-json\/wp\/v2\/pages\/416\/revisions"}],"wp:attachment":[{"href":"https:\/\/www.move2.care\/en\/wp-json\/wp\/v2\/media?parent=416"}],"curies":[{"name":"wp","href":"https:\/\/api.w.org\/{rel}","templated":true}]}}